{"id":6996,"date":"2024-09-28T18:04:47","date_gmt":"2024-09-28T18:04:47","guid":{"rendered":"https:\/\/iebsps.com\/igreja\/?page_id=6996"},"modified":"2024-09-28T21:07:03","modified_gmt":"2024-09-28T21:07:03","slug":"confissao-de-fe","status":"publish","type":"page","link":"https:\/\/iebsps.com\/igreja\/confissao-de-fe\/","title":{"rendered":"Declara\u00e7\u00e3o de f\u00e9"},"content":{"rendered":"<p>Anexo II &#8211; Declara\u00e7\u00e3o de F\u00e9.<strong> DECLARA\u00c7\u00c3O DE F\u00c9 BAPTISTA<\/strong> (Adaptada pela Conven\u00e7\u00e3o Baptista Portuguesa)<\/p>\n<p><strong>I &#8211; AS ESCRITURAS SAGRADAS. <\/strong><\/p>\n<p>A B\u00edblia Sagrada, nossa \u00fanica e toda-suficiente regra de f\u00e9 e pr\u00e1tica, foi escrita por homens divinamente inspirados e \u00e9 o registo da revela\u00e7\u00e3o pessoal de Deus. \u00c9 um tesouro perfeito de instru\u00e7\u00e3o divina. Tem Deus como autor, a salva\u00e7\u00e3o do homem como fim e a verdade sem mescla de erro, como conte\u00fado. Revela o plano de Deus para a nossa salva\u00e7\u00e3o e os princ\u00edpios pelos quais Deus nos h\u00e1-de julgar. \u00c9 a autoridade absoluta e o padr\u00e3o supremo pelo qual toda a conduta humana, as opini\u00f5es religiosas e os pr\u00f3prios credos devem ser testados. \u00c9 tamb\u00e9m, como revela\u00e7\u00e3o de Jesus Cristo, o centro da verdadeira unidade crist\u00e3. (II Tim. 3:16-17; II Pedro 1:21; II Samuel 23:2; Actos 1:16; Prov. 30:5-6; Jo\u00e3o 17:17; Rom. 3:4; Apoc. 22:18-19; I Cor. 4:3-4; Luc. 10:10, 16; 12:47-48).<\/p>\n<p><img fetchpriority=\"high\" decoding=\"async\" class=\" wp-image-7019 alignleft\" src=\"https:\/\/iebsps.com\/igreja\/wp-content\/uploads\/2024\/09\/dec_fe-300x162.jpg\" alt=\"\" width=\"415\" height=\"224\" srcset=\"https:\/\/iebsps.com\/igreja\/wp-content\/uploads\/2024\/09\/dec_fe-300x162.jpg 300w, https:\/\/iebsps.com\/igreja\/wp-content\/uploads\/2024\/09\/dec_fe.jpg 306w\" sizes=\"(max-width: 415px) 100vw, 415px\" \/><\/p>\n<p><strong>II &#8211; DEUS. <\/strong><\/p>\n<p>H\u00e1 somente um Deus vivo e verdadeiro; Ser pessoal, infinito,inteligente e espiritual: o Criador, Redentor, Sustentador e Legislador do universo, digno do mais puro amor, rever\u00eancia, adora\u00e7\u00e3o e obedi\u00eancia. O eterno Deus revela-se a n\u00f3s como Pai, Filho e Esp\u00edrito Santo, com atributos pessoais distintos, mas sem divis\u00e3o de natureza, ser ou ess\u00eancia.<\/p>\n<p>1. Deus o Pai Deus como Pai, reina com cuidado providencial sobre o seu universo, as suas criaturas e o curso da hist\u00f3ria humana, segundo os prop\u00f3sitos da sua gra\u00e7a. Ele \u00e9 todo-poderoso, perfeito em amor e em sabedoria. \u00c9 verdadeiramente Pai para todos os que aceitam Jesus Cristo, seu Filho, como Salvador pessoal.<\/p>\n<p>2. Deus o Filho Jesus Cristo \u00e9 o eterno Filho de Deus. Na sua encarna\u00e7\u00e3o, Ele foi concebido do Esp\u00edrito Santo e nascido da virgem Maria. Revelou e consumou de forma perfeita a vontade de Deus, tomando sobre Si mesmo as exig\u00eancias e as necessidades da natureza humana e identificando-se completamente com a humanidade que veio remir, embora sem pecado. Honrou a lei divina pela sua obedi\u00eancia pessoal e na sua morte sobre a cruz providenciou para o homem a expia\u00e7\u00e3o dos seus pecados. Ressuscitou com um corpo glorificado e apareceu aos seus disc\u00edpulos de forma vis\u00edvel, aud\u00edvel e palp\u00e1vel. Ascendeu ao C\u00e9u e \u00e9 agora exaltado \u00e0 m\u00e3o direita de Deus, como o \u00fanico mediador, participante da natureza de Deus e do homem, em cuja pessoa se efectua a reconcilia\u00e7\u00e3o com o Pai. Vir\u00e1 segunda vez em poder e gl\u00f3ria para julgar o mundo e consumar a sua miss\u00e3o redentora. Jesus Cristo habita agora em todos os crentes na qualidade de Senhor vivo e eternamente presente.<\/p>\n<p>3. Deus o Esp\u00edrito Santo O Esp\u00edrito Santo \u00e9 o Esp\u00edrito de Deus. Foi Ele quem inspirou os homens santos de outrora a escrever as Escrituras. Habilita hoje o homem a compreender a verdade atrav\u00e9s da sua ilumina\u00e7\u00e3o. Exalta Cristo como Senhor. Convence do pecado, da justi\u00e7a e do ju\u00edzo. Convida os homens ao Salvador e efectua a regenera\u00e7\u00e3o. Cultiva o car\u00e1cter crist\u00e3o, conforta os crentes, habita neles e lhes confere dons espirituais atrav\u00e9s dos quais servem a Deus na sua igreja. Ilumina os crentes e os reveste de poder para a adora\u00e7\u00e3o e o servi\u00e7o de evangeliza\u00e7\u00e3o. (Jo\u00e3o 4:24; 15:26; Salmo 83:18; Hebreus 3:4; Rom. 1:20; Jer. 10:10; \u00caxodo 15:11; Isa. 6:3; I Pedro 1:15-16; Apoc. 4:11; Mar. 12:30; Mat. 10:37; 28:19-29).<\/p>\n<p><strong>III &#8211; O HOMEM. <\/strong><\/p>\n<p>O homem foi criado por Deus \u00e0 sua imagem, como coroa da sua cria\u00e7\u00e3o. Era no princ\u00edpio inocente e sem pecado, sendo dotado de liberdade de escolha. No uso da sua liberdade o homem pecou contra Deus e por transgress\u00e3o volunt\u00e1ria caiu do seu primitivo estado de santidade, trazendo o pecado sobre toda a ra\u00e7a. A sua posteridade herdou consequentemente uma natureza pecaminosa, de sorte que todos se tornaram transgressores, estando debaixo de condena\u00e7\u00e3o. S\u00f3 a gra\u00e7a de Deus pode restaurar o homem \u00e0 sua santa comunh\u00e3o e habilit\u00e1-lo a cumprir o prop\u00f3sito do seu Criador. A dignidade da pessoa humana \u00e9 revelada no facto de Deus haver criado\u00a0o homem \u00e0 sua pr\u00f3pria imagem e no facto deste ser objecto do seu infinito amor, a ponto de Cristo morrer para o salvar, apesar de pecador perdido e sem esperan\u00e7a. (G\u00e9n.1:27, 31; 2:16; Ecles. 7:29; Actos 17:26; Rom. 5:12, 15-19; Jo\u00e3o 3:6; Salmo 51:5; Ef\u00e9sios 2:3; Ezeq. 18:19-20; G\u00e1l. 3:22).<\/p>\n<p><strong>IV &#8211; A SALVA\u00c7\u00c3O. <\/strong><\/p>\n<p>A salva\u00e7\u00e3o envolve a reden\u00e7\u00e3o do homem total. \u00c9 oferecida espont\u00e2nea e gratuitamente a todos os que aceitam Jesus Cristo como Senhor e Salvador pessoal, o qual por decreto do Pai tomou<br \/>\nvoluntariamente a forma humana, fazendo por sua morte a expia\u00e7\u00e3o completa dos nossos pecados. Num sentido mais amplo, a salva\u00e7\u00e3o inclui regenera\u00e7\u00e3o, santifica\u00e7\u00e3o e glorifica\u00e7\u00e3o. Regenra\u00e7\u00e3o, ou novo nascimento, \u00e9 a opera\u00e7\u00e3o da gra\u00e7a de Deus pela qual os crentes se tornam novas criaturas em Cristo. \u00c9 uma mudan\u00e7a de cora\u00e7\u00e3o produzida pelo Esp\u00edrito Santo atrav\u00e9s da convic\u00e7\u00e3o do pecado, \u00e0 qual o pecador responde em arrependimento e a f\u00e9 s\u00e3o experi\u00eancias insepar\u00e1veis da gra\u00e7a divina, que d\u00e3o \u00e0 vida uma nova direc\u00e7\u00e3o. A justifica\u00e7\u00e3o introduz-nos a um estado de paz e favor que nos asseguram todas as ben\u00e7\u00e3os necess\u00e1rias, nesta vida e no al\u00e9m. A justi\u00e7a perfeita de Cristo \u00e9-nos imputada gratuitamente por Deus. Santifica\u00e7\u00e3o, \u00e9 um processo espiritual que come\u00e7a na regenera\u00e7\u00e3o e visa a perfei\u00e7\u00e3o do crente, atrav\u00e9s da presen\u00e7a e do poder do Esp\u00edrito Santo que nele habita. Glorifica\u00e7\u00e3o, \u00e9 a plenitude da salva\u00e7\u00e3o e o bendito estado final dos remidos. (Ef\u00e9sios 2:5; I Jo. 4:10; I Cor. 3:5-7; Jo\u00e3o 3:16; Isa. 53:4-5; Heb. 7:25; Col. 2:9; Ef. 3:8; Rom. 5:1-2, 9; 3:24-26; Apoc. 22:17; Act. 17:30; Marc.1:15-17; Jo. 3:19; 5:40; Jo\u00e3o 3:3, 6-7; Apoc. 7:13-14; Ezeq. 36:26; I Pedro 1:22; I Jo. 5:1, 4, 18; Ef. 2:8; Rom. 10:9-11; Heb. 4:14; I Tess. 4:3; 5:23; Ef. 1:4; 4:11-12; 6:18; Fil. 2:12-13; I Ped. 2:2).<\/p>\n<p><strong>V &#8211; O PROP\u00d3SITO DA GRA\u00c7A DIVINA. <\/strong><\/p>\n<p>A elei\u00e7\u00e3o \u00e9 o prop\u00f3sito da gra\u00e7a de Deus segundo o qual Ele regenera, santifica e glorifica o pecador arrependido e crente. \u00c9 perfeitamente coerente com a livre escolha do homem, sendo a manifesta\u00e7\u00e3o por excel\u00eancia da soberana bondade de Deus, infinitamente livre, s\u00e1bia, santa e imut\u00e1vel. Todos os verdadeiros crentes est\u00e3o seguros nas m\u00e3os de Deus. Aqueles que Deus aceitou em Cristo e santificou pelo seu Esp\u00edrito jamais cair\u00e3o do seu estado de gra\u00e7a, sendo conservados at\u00e9 ao fim. (II Tim. 1:8-9; 2:10; II Tess. 2:13-14; I Cor. 1:26-31; 4-7; Rom. 3:27; 8:28, 30; I Tess. 1:4; II Pedro 1:10-11; Fil. 3:12; Hebreus 6:11; Rom. 8:28; Mat. 6:30-33; Fil. 1:6; 2:12). VI &#8211; A IGREJA. Uma igreja de Cristo \u00e9, segundo o Novo Testamento, um corpo local de crentes baptizados,\u00a0 dentificados uns com os outros pela confiss\u00e3o da mesma f\u00e9 e unidos por um mesmo pacto na comunh\u00e3o do Evangelho. \u00c9 uma congrega\u00e7\u00e3o de crentes baptizados, regida pelas leis de Cristo,<br \/>\nque observa as suas ordenan\u00e7as, pratica os seus ensinos e exerce os dons, direitos e privil\u00e9gios de que foi investida pela Palavra divina, com o fim de espalhar o Evangelho at\u00e9 aos confins da Terra. \u00c9 uma comunidade aut\u00f3noma de governo democr\u00e1tico sob a soberania de Jesus Cristo. Os seus oficiais s\u00e3o, de acordo com o Novo Testamento, os pastores e os di\u00e1conos. Todos os seus membros t\u00eam iguais direitos, privil\u00e9gios e responsabilidades. A igreja num sentido geral \u00e9, segundo o Novo Testamento, o corpo de Cristo, incluindo todos os remidos de todos os tempos. (Actos 2:41-42; 13:23; 15:22; I Cor. 14:12; II Cor. 8:5; Fil. 1:1; I Tim. 3:1).<\/p>\n<p><strong>VII &#8211; O BAPTISMO E A CEIA DO SENHOR. <\/strong><\/p>\n<p>O baptismo crist\u00e3o \u00e9 a imers\u00e3o do crente em \u00e1gua, no nome do Pai, do Filho e do Esp\u00edrito Santo. \u00c9 um acto de obedi\u00eancia que simboliza a sua f\u00e9 no Salvador crucificado, sepultado e ressuscitado. Representa ainda que o convertido morreu para o pecado, tendo-se verificado o sepultamento da sua velha natureza e a sua ressurrei\u00e7\u00e3o para uma nova vida em Cristo. Este acto simb\u00f3lico de testemunho deve preceder a entrada do crente na comunh\u00e3o da igreja, pois, como ordenan\u00e7a do Senhor, o constitui\u00a0participante de todos os privil\u00e9gios de membro e lhe d\u00e1 acesso \u00e0 ceia do Senhor. A ceia do Senhor \u00e9 igualmente um acto de obedi\u00eancia pelo qual os membros da igreja participam do p\u00e3o e do vinho, comemorando juntos a morte de Jesus Cristo e apontando para a sua segunda vinda. Esta ordenan\u00e7a da igreja local representa tamb\u00e9m a nossa comunh\u00e3o espiritual com Ele, a nossa participa\u00e7\u00e3o na sua morte e o testemunho vivo da nossa esperan\u00e7a. (Actos 2:41-42; 8:36-39; Mat. 3:5-6; 28:19; G\u00e1l. 3:27-28; Rom. 6:4; Col. 2:12; Lucas 22:19-20; Mar. 14:20-26; Mat. 26:27-30; I Cor. 11:27-30; Jo\u00e3o 6:35).<\/p>\n<p><strong>VIII &#8211; O DIA DO SENHOR. <\/strong><\/p>\n<p>O Domingo, Dia do Senhor e o primeiro dia da semana, \u00e9 o dia em que o crente comemora a ressurrei\u00e7\u00e3o de Cristo descansando das suas actividades seculares. Deve ser consagrado ao exerc\u00edcio do culto, do testemunho e de outras formas de servi\u00e7o espiritual, tanto p\u00fablico como privado. (Mat. 28:1; Mar. 16:2; Luc. 24:1; Jo. 20:1, 19; Act. 20:7; I Cor. 16:2; Apoc. 1:10).<\/p>\n<p><strong>IX &#8211; O REINO DE DEUS.<\/strong><\/p>\n<p>O reino de Deus inclui a sua soberania geral sobre o universo e sobre todos os homens que espont\u00e2nea e voluntariamente O reconhecem como Rei e Senhor. Todos os crentes devem orar e esfor\u00e7ar-se para que o reino de Deus venha em plenitude e a sua vontade seja feita sobre a Terra. A consuma\u00e7\u00e3o plena do seu reino aguarda a segunda vinda de Jesus Cristo e o fim da era presente. (Mat. 3:2; 5:3-6; 6:9-10; 6:33; 18:1-3; 28:19; Mar.1:14-15; 4:27; Apoc. 5:1; Rom. 14:17).<\/p>\n<p><strong>X &#8211; OS \u00daLTIMOS ACONTECIMENTOS.<\/strong><\/p>\n<p>Deus, no devido tempo e a seu modo, conduzir\u00e1 todas as coisas neste mundo ao seu adequado termo. Jesus Cristo voltar\u00e1 pessoal e visivelmente em gl\u00f3ria, de acordo com a sua promessa. Os mortos ressuscitar\u00e3o e Cristo julgar\u00e1 todos os homens com rectid\u00e3o. Aqueles que persistirem na incredulidade e na impenit\u00eancia receber\u00e3o do inferno a sua eterna puni\u00e7\u00e3o. Os salvos fluir\u00e3o a bem-aventuran\u00e7a eterna em seu corpo ressuscitado e glorificado, e habitar\u00e3o eternamente no C\u00e9u com o Senhor. (Mat. 25:31-46; Lucas 18:8;23:42-43; Actos 1:7-11; Jo\u00e3o 3:36; 12:25-26; Salmo10:4; I Pedro 4:7; I Cor. 6:9-10; 15:50-58; Heb. 1:10-12; Mat. 13:37-43; Luc. 14:14; Daniel 12:2; Apoc. 22:11; I Tess.4:16-17; II Tess. 1:6-12; Rom. 2:2-16; I Jo. 4:17; Apoc. 20).<\/p>\n<p><strong>XI \u2013 EVANGELIZA\u00c7\u00c3O E MISS\u00d5ES. <\/strong><\/p>\n<p>\u00c9 dever e privil\u00e9gio de todas as igrejas e de cada crente em particular, esfor\u00e7arem-se por fazer disc\u00edpulos em todas as na\u00e7\u00f5es. O novo nascimento do esp\u00edrito do homem pelo Esp\u00edrito de Deus faz nascer nele tamb\u00e9m o amor pelos outros. O esfor\u00e7o mission\u00e1rio \u00e9 repetido e expressamente ordenado nos ensinos de Jesus, assentando uma necessidade espiritual da vida regenerada. \u00c9, pois, dever de todo o filho de Deus procurar ganhar almas para o Salvador atrav\u00e9s do testemunho pessoal e do uso de todos os meios consent\u00e2neos com o Evangelho de Cristo. (Mat. 28:19-20; Mar. 16:15; Luc.9:1-6; 10:1; 24:46-48; Jo\u00e3o 15; 16; 17:11-20; Actos 1:8; 4:33; 14:21-27; I Tess. 1:6-9; IITim. 2:1-13).<\/p>\n<p><strong>XII &#8211; MORDOMIA. <\/strong><\/p>\n<p>Deus \u00e9 a fonte de todas as ben\u00e7\u00e3os temporais e espirituais. A Ele devemos tudo o que somos e tudo o que possu\u00edmos. Temos, por conseguinte, uma d\u00edvida espiritual para com o mundo, pois somos feitos deposit\u00e1rios do Evangelho e dispenseiros da gra\u00e7a de Deus. \u00c9 nossa obriga\u00e7\u00e3o servi-lo com o nosso tempo, os nossos bens materiais, devendo reconhecer que todos estes dons nos foram<br \/>\nconfiados com o fim de os usarmos para a gl\u00f3ria de Deus e ao servi\u00e7o do nosso pr\u00f3ximo. Ensinam as Escrituras que o crente deve contribuir para a igreja, alegremente e com regularidade, tomando como base o d\u00edzimo dos seus rendimentos e cultivando a liberalidade na pr\u00e1tica de uma mordomia integral, com o alvo de promover o avan\u00e7o da causa do Redentor sobre a Terra. (G\u00e9nesis 14:20; Heb. 7:1; G\u00e9nesis 28:20-22; Malaq.3:7-10; I Cor. 16:1-2).<\/p>\n<p><strong>XIII &#8211; COOPERA\u00c7\u00c3O. <\/strong><\/p>\n<p>Reconhecendo que a coopera\u00e7\u00e3o \u00e9 um princ\u00edpio claramente expresso nas Escrituras, o povo de Cristo deve assegur\u00e1-la da\u00a0melhor maneira poss\u00edvel, tendo em vista a concretiza\u00e7\u00e3o dos grandes objectivos do Reino de Deus. As organiza\u00e7\u00f5es de coopera\u00e7\u00e3o, embora n\u00e3o tenham autoridade sobre as igrejas nelas associadas, s\u00e3o formadas para despertar, unir e coordenar as actividades<br \/>\nque em conjunto, voluntariamente, se prop\u00f5em empreender. As igrejas devem cooperar umas com as outras no avan\u00e7o da obra mission\u00e1ria, educacional e beneficiente. Unidade crist\u00e3, no sentido do Novo Testamento, \u00e9 harmonia espiritual e coopera\u00e7\u00e3o volunt\u00e1ria para os mesmos fins comuns. (Fil. 1:5; 4:3; I Cor. 3:9; II Cor. 8:23; 11:28; Col. 4:11; ITess. 3:2; III Jo. 8:1; I Tess. 1:7-10; Rom. 1:14-15; 15:25-27).<\/p>\n<p><strong>XIV &#8211; O CRENTE E A ORDEM SOCIAL. <\/strong><\/p>\n<p>Todo o crente aceita, por imperativo de consci\u00eancia crist\u00e3, a supremacia de Cristo na sua vida e na sociedade humana. Os princ\u00edpios e m\u00e9todos usados para a promo\u00e7\u00e3o da sociedade e o estabelecimento da justi\u00e7a entre os homens s\u00f3 podem ser verdadeira e permanentemente proveitosos, quando fundados na regenera\u00e7\u00e3o pela gra\u00e7a salv\u00edfica de Deus em Jesus Cristo. O crente deve esfor\u00e7ar-se por promover por todos os meios ao seu alcance os princ\u00edpios da justi\u00e7a social, a verdade e o amor fraternal. Deve para isso estar pronto a cooperar com todos os homens de boa vontade em todas as causas justas, cuidando sempre a agir no esp\u00edrito de amor, sem comprometer a \u00e9tica crist\u00e3, procurando ser inteiramente leal a Cristo e \u00e0 sua Palavra.<br \/>\n(Lev. 19:18; Miq. 6:8; Isa. 1:16-18; Mat. 19:19; 22:39; Marc. 12:31; Rom. 12:13-21; 13:8-12; G\u00e1l. 5:14; Tiago 2:8; Sal. 11:7; 33:5; 45:7; Mat. 5:6, 10; 5:39-48).<\/p>\n<p><strong>XV \u2013 PAZ E GUERRA. <\/strong><\/p>\n<p>\u00c9 dever de todo o crist\u00e3o promover a paz entre todos os homens dentro dos princ\u00edpios da justi\u00e7a. Em harmonia com o esp\u00edrito e os ensinos de Cristo, o crente deve fazer tudo o que estiver ao seu alcance para evitar ou p\u00f4r fim \u00e0 guerra, ciente de que a verdadeira solu\u00e7\u00e3o para os conflitos entre os homens se encontra no Evangelho. A necessidade suprema do mundo \u00e9 a aceita\u00e7\u00e3o dos ensinos de Cristo em todos os sectores da vida dos homens e das na\u00e7\u00f5es e a aplica\u00e7\u00e3o pr\u00e1tica da sua lei de amor. (Isa. 2:2-4;9:6-7; Mat. 5:9; Luc. 1:79; 2:14, 29; 10:5; Act. 10:36; Rom. 5:1; Col. 1:20; Ef. 4:3; Heb.12:14; Rom. 12:18; 14:19; I Cor. 14:33).<\/p>\n<p><strong>XVI &#8211; LIBERDADE RELIGIOSA. <\/strong><\/p>\n<p>Deus \u00e9 o \u00fanico Senhor da consci\u00eancia. Sendo o governo civil uma institui\u00e7\u00e3o estabelecida para promover os interesses e o bem-estar da sociedade humana, \u00e9 nosso dever orar pelas autoridades constitu\u00eddas e prestas-lhes obedi\u00eancia em todas as coisas que n\u00e3o sejam contr\u00e1rias \u00e0 vontade revelada de Deus. Deve haver inteira separa\u00e7\u00e3o entre a igreja e o estado, devendo este assegurar a cada igreja a protec\u00e7\u00e3o e inteira liberdade para o exerc\u00edcio da sua miss\u00e3o espiritual. Nenhum grupo eclesial ou denomina\u00e7\u00e3o deve ser favorecido pelo estado, nem a igreja deve depender do poder civil para realizar a sua obra. Uma igreja livre num estado livre, \u00e9 o ideal crist\u00e3o e isso implica a garantia do livre acesso a Deus por parte de todos os homens e o direito a terem e difundirem as<br \/>\ncren\u00e7as religiosas, sem qualquer interfer\u00eancia por parte do poder civil. (Rom. 13:1-7;14:9-12; Mat. 10:28; 22:21; 23:10; Tito 3:1; I Pedro 2:13; I Tim. 2:1-8; Actos 4:18-20;5:29; Apocalipse 19:16; Salmo 2; 72:11).<\/p>\n<p>&nbsp;<\/p>\n","protected":false},"excerpt":{"rendered":"<p>Anexo II &#8211; Declara\u00e7\u00e3o de F\u00e9. DECLARA\u00c7\u00c3O DE F\u00c9 BAPTISTA (Adaptada pela Conven\u00e7\u00e3o Baptista Portuguesa) I &#8211; AS ESCRITURAS SAGRADAS. A B\u00edblia Sagrada, nossa \u00fanica e toda-suficiente regra de f\u00e9 e pr\u00e1tica, foi escrita por homens divinamente inspirados e \u00e9 o registo da revela\u00e7\u00e3o pessoal de Deus. \u00c9 um tesouro perfeito de instru\u00e7\u00e3o divina. Tem &hellip; <\/p>\n<p class=\"link-more\"><a href=\"https:\/\/iebsps.com\/igreja\/confissao-de-fe\/\" class=\"more-link\">Leia mais<span class=\"screen-reader-text\"> &#8220;Declara\u00e7\u00e3o de f\u00e9&#8221;<\/span><\/a><\/p>\n","protected":false},"author":1,"featured_media":0,"parent":0,"menu_order":0,"comment_status":"closed","ping_status":"closed","template":"","meta":{"inspiro_hide_title":false,"footnotes":""},"class_list":["post-6996","page","type-page","status-publish","hentry"],"_links":{"self":[{"href":"https:\/\/iebsps.com\/igreja\/wp-json\/wp\/v2\/pages\/6996","targetHints":{"allow":["GET"]}}],"collection":[{"href":"https:\/\/iebsps.com\/igreja\/wp-json\/wp\/v2\/pages"}],"about":[{"href":"https:\/\/iebsps.com\/igreja\/wp-json\/wp\/v2\/types\/page"}],"author":[{"embeddable":true,"href":"https:\/\/iebsps.com\/igreja\/wp-json\/wp\/v2\/users\/1"}],"replies":[{"embeddable":true,"href":"https:\/\/iebsps.com\/igreja\/wp-json\/wp\/v2\/comments?post=6996"}],"version-history":[{"count":5,"href":"https:\/\/iebsps.com\/igreja\/wp-json\/wp\/v2\/pages\/6996\/revisions"}],"predecessor-version":[{"id":7020,"href":"https:\/\/iebsps.com\/igreja\/wp-json\/wp\/v2\/pages\/6996\/revisions\/7020"}],"wp:attachment":[{"href":"https:\/\/iebsps.com\/igreja\/wp-json\/wp\/v2\/media?parent=6996"}],"curies":[{"name":"wp","href":"https:\/\/api.w.org\/{rel}","templated":true}]}}