{"id":7219,"date":"2024-12-07T11:57:31","date_gmt":"2024-12-07T11:57:31","guid":{"rendered":"https:\/\/iebsps.com\/igreja\/?page_id=7219"},"modified":"2026-02-07T19:09:34","modified_gmt":"2026-02-07T19:09:34","slug":"contatos","status":"publish","type":"page","link":"https:\/\/iebsps.com\/igreja\/contatos\/","title":{"rendered":"Contatos"},"content":{"rendered":"\t\t<div data-elementor-type=\"wp-page\" data-elementor-id=\"7219\" class=\"elementor elementor-7219\">\n\t\t\t\t<div class=\"elementor-element elementor-element-e47e477 e-flex e-con-boxed e-con e-parent\" data-id=\"e47e477\" data-element_type=\"container\" data-e-type=\"container\">\n\t\t\t\t\t<div class=\"e-con-inner\">\n\t\t\t\t<div class=\"elementor-element elementor-element-7b71e1b elementor-widget elementor-widget-heading\" data-id=\"7b71e1b\" data-element_type=\"widget\" data-e-type=\"widget\" data-widget_type=\"heading.default\">\n\t\t\t\t<div class=\"elementor-widget-container\">\n\t\t\t\t\t<h3 class=\"elementor-heading-title elementor-size-default\">Preencha corretamente o formul\u00e1rio abaixo, que lhe responderemos o mais breve poss\u00edvel.<\/h3>\t\t\t\t<\/div>\n\t\t\t\t<\/div>\n\t\t\t\t\t<\/div>\n\t\t\t\t<\/div>\n\t\t<div class=\"elementor-element elementor-element-48a39cf e-con-full e-flex e-con e-parent\" data-id=\"48a39cf\" data-element_type=\"container\" data-e-type=\"container\">\n\t\t\t\t<div class=\"elementor-element elementor-element-4eb9407 elementor-widget__width-auto elementor-widget elementor-widget-shortcode\" data-id=\"4eb9407\" data-element_type=\"widget\" data-e-type=\"widget\" data-widget_type=\"shortcode.default\">\n\t\t\t\t<div class=\"elementor-widget-container\">\n\t\t\t\t\t\t\t<div class=\"elementor-shortcode\">\n<div class=\"wpcf7 no-js\" id=\"wpcf7-f7107-o1\" lang=\"pt-BR\" dir=\"ltr\" data-wpcf7-id=\"7107\">\n<div class=\"screen-reader-response\"><p role=\"status\" aria-live=\"polite\" aria-atomic=\"true\"><\/p> <ul><\/ul><\/div>\n<form action=\"\/igreja\/wp-json\/wp\/v2\/pages\/7219#wpcf7-f7107-o1\" method=\"post\" class=\"wpcf7-form init\" aria-label=\"Formul\u00e1rios de contato\" novalidate=\"novalidate\" data-status=\"init\">\n<fieldset class=\"hidden-fields-container\"><input type=\"hidden\" name=\"_wpcf7\" value=\"7107\" \/><input type=\"hidden\" name=\"_wpcf7_version\" value=\"6.1.5\" \/><input type=\"hidden\" name=\"_wpcf7_locale\" value=\"pt_BR\" \/><input type=\"hidden\" name=\"_wpcf7_unit_tag\" value=\"wpcf7-f7107-o1\" \/><input type=\"hidden\" name=\"_wpcf7_container_post\" value=\"0\" \/><input type=\"hidden\" name=\"_wpcf7_posted_data_hash\" value=\"\" \/>\n<\/fieldset>\n<p><label> Seu nome<br \/>\n<span class=\"wpcf7-form-control-wrap\" data-name=\"your-name\"><input size=\"40\" maxlength=\"400\" class=\"wpcf7-form-control wpcf7-text wpcf7-validates-as-required\" autocomplete=\"name\" aria-required=\"true\" aria-invalid=\"false\" value=\"\" type=\"text\" name=\"your-name\" \/><\/span> <\/label>\n<\/p>\n<p><label> Seu e-mail<br \/>\n<span class=\"wpcf7-form-control-wrap\" data-name=\"your-email\"><input size=\"40\" maxlength=\"400\" class=\"wpcf7-form-control wpcf7-email wpcf7-validates-as-required wpcf7-text wpcf7-validates-as-email\" autocomplete=\"email\" aria-required=\"true\" aria-invalid=\"false\" value=\"\" type=\"email\" name=\"your-email\" \/><\/span> <\/label>\n<\/p>\n<p><label> Assunto<br \/>\n<span class=\"wpcf7-form-control-wrap\" data-name=\"your-subject\"><input size=\"40\" maxlength=\"400\" class=\"wpcf7-form-control wpcf7-text wpcf7-validates-as-required\" aria-required=\"true\" aria-invalid=\"false\" value=\"\" type=\"text\" name=\"your-subject\" \/><\/span> <\/label>\n<\/p>\n<p><label> Sua mensagem (opcional)<br \/>\n<span class=\"wpcf7-form-control-wrap\" data-name=\"your-message\"><textarea cols=\"40\" rows=\"10\" maxlength=\"2000\" class=\"wpcf7-form-control wpcf7-textarea\" aria-invalid=\"false\" name=\"your-message\"><\/textarea><\/span> <\/label>\n<\/p>\n<p><input class=\"wpcf7-form-control wpcf7-submit has-spinner\" type=\"submit\" value=\"Enviar\" \/>\n<\/p><div class=\"wpcf7-response-output\" aria-hidden=\"true\"><\/div>\n<\/form>\n<\/div>\n<\/div>\n\t\t\t\t\t\t<\/div>\n\t\t\t\t<\/div>\n\t\t\t\t<\/div>\n\t\t<div class=\"elementor-element elementor-element-36c2ee1 e-flex e-con-boxed e-con e-parent\" data-id=\"36c2ee1\" data-element_type=\"container\" data-e-type=\"container\">\n\t\t\t\t\t<div class=\"e-con-inner\">\n\t\t<div class=\"elementor-element elementor-element-ac1d382 e-con-full e-flex e-con e-child\" data-id=\"ac1d382\" data-element_type=\"container\" data-e-type=\"container\">\n\t\t\t\t<div class=\"elementor-element elementor-element-bf595e0 elementor-widget elementor-widget-heading\" data-id=\"bf595e0\" data-element_type=\"widget\" data-e-type=\"widget\" data-widget_type=\"heading.default\">\n\t\t\t\t<div class=\"elementor-widget-container\">\n\t\t\t\t\t<h2 class=\"elementor-heading-title elementor-size-default\">Venha nos visitar<\/h2>\t\t\t\t<\/div>\n\t\t\t\t<\/div>\n\t\t\t\t<div class=\"elementor-element elementor-element-9af978a elementor-widget elementor-widget-text-editor\" data-id=\"9af978a\" data-element_type=\"widget\" data-e-type=\"widget\" data-widget_type=\"text-editor.default\">\n\t\t\t\t<div class=\"elementor-widget-container\">\n\t\t\t\t\t\t\t\t\t<p>Estamos no endere\u00e7o abaixo de portas abertas&#8230; venha nos conhecer!!<\/p>\t\t\t\t\t\t\t\t<\/div>\n\t\t\t\t<\/div>\n\t\t\t\t<\/div>\n\t\t<div class=\"elementor-element elementor-element-605ca5f e-con-full e-flex e-con e-child\" data-id=\"605ca5f\" data-element_type=\"container\" data-e-type=\"container\">\n\t\t\t\t<div class=\"elementor-element elementor-element-94bc089 elementor-widget elementor-widget-heading\" data-id=\"94bc089\" data-element_type=\"widget\" data-e-type=\"widget\" data-widget_type=\"heading.default\">\n\t\t\t\t<div class=\"elementor-widget-container\">\n\t\t\t\t\t<h2 class=\"elementor-heading-title elementor-size-default\">Hor\u00e1rios de cultos<\/h2>\t\t\t\t<\/div>\n\t\t\t\t<\/div>\n\t\t\t\t<div class=\"elementor-element elementor-element-8be495e elementor-widget elementor-widget-text-editor\" data-id=\"8be495e\" data-element_type=\"widget\" data-e-type=\"widget\" data-widget_type=\"text-editor.default\">\n\t\t\t\t<div class=\"elementor-widget-container\">\n\t\t\t\t\t\t\t\t\t<p><span style=\"color: #000000; font-family: Arial, Verdana, Geneva, sans-serif; font-size: 14px;\"><b>Segunda-feira:\u00a0<\/b>reuni\u00e3o de ora\u00e7\u00e3o \u00e0s 9h30<\/span><br style=\"outline: 0px; color: #000000; font-family: Arial, Verdana, Geneva, sans-serif; font-size: 14px;\" \/><span style=\"color: #000000; font-family: Arial, Verdana, Geneva, sans-serif; font-size: 14px;\"><b>Quinta-feira:<\/b> reuni\u00e3o de culto e doutrina das 20h<br \/><\/span><span style=\"color: #000000; font-family: Arial, Verdana, Geneva, sans-serif; font-size: 14px;\"><b>Domingo:<br \/><\/b><\/span><span style=\"color: #000000; font-family: Arial, Verdana, Geneva, sans-serif; font-size: 14px;\">Escola Dominical: 10h<br \/><\/span><span style=\"color: #000000; font-family: Arial, Verdana, Geneva, sans-serif; font-size: 14px;\">Culto de Adora\u00e7\u00e3o e Louvor: 11h<\/span><\/p>\t\t\t\t\t\t\t\t<\/div>\n\t\t\t\t<\/div>\n\t\t\t\t<\/div>\n\t\t<div class=\"elementor-element elementor-element-fddcac6 e-con-full e-flex e-con e-child\" data-id=\"fddcac6\" data-element_type=\"container\" data-e-type=\"container\">\n\t\t\t\t<div class=\"elementor-element elementor-element-c791706 elementor-widget elementor-widget-html\" data-id=\"c791706\" data-element_type=\"widget\" data-e-type=\"widget\" data-widget_type=\"html.default\">\n\t\t\t\t<div class=\"elementor-widget-container\">\n\t\t\t\t\t<iframe src=\"https:\/\/www.google.com\/maps\/embed?pb=!4v1727545699618!6m8!1m7!1serdbeqjiKnNMsbtcv6A64g!2m2!1d40.76224030853467!2d-8.064669788513998!3f5.997523636780784!4f-0.7142480869876664!5f0.7820865974627469\" width=\"600\" height=\"450\" style=\"border:0;\" allowfullscreen=\"\" loading=\"lazy\" referrerpolicy=\"no-referrer-when-downgrade\"><\/iframe>\t\t\t\t<\/div>\n\t\t\t\t<\/div>\n\t\t\t\t<\/div>\n\t\t\t\t\t<\/div>\n\t\t\t\t<\/div>\n\t\t\t\t<\/div>\n\t\t","protected":false},"excerpt":{"rendered":"<p>Preencha corretamente o formul\u00e1rio abaixo, que lhe responderemos o mais breve poss\u00edvel. Venha nos visitar Estamos no endere\u00e7o abaixo de portas abertas&#8230; venha nos conhecer!! Hor\u00e1rios de cultos Segunda-feira:\u00a0reuni\u00e3o de ora\u00e7\u00e3o \u00e0s 9h30Quinta-feira: reuni\u00e3o de culto e doutrina das 20hDomingo:Escola Dominical: 10hCulto de Adora\u00e7\u00e3o e Louvor: 11h<\/p>\n","protected":false},"author":1,"featured_media":0,"parent":0,"menu_order":0,"comment_status":"closed","ping_status":"closed","template":"","meta":{"inspiro_hide_title":false,"footnotes":""},"class_list":["post-7219","page","type-page","status-publish","hentry"],"_links":{"self":[{"href":"https:\/\/iebsps.com\/igreja\/wp-json\/wp\/v2\/pages\/7219","targetHints":{"allow":["GET"]}}],"collection":[{"href":"https:\/\/iebsps.com\/igreja\/wp-json\/wp\/v2\/pages"}],"about":[{"href":"https:\/\/iebsps.com\/igreja\/wp-json\/wp\/v2\/types\/page"}],"author":[{"embeddable":true,"href":"https:\/\/iebsps.com\/igreja\/wp-json\/wp\/v2\/users\/1"}],"replies":[{"embeddable":true,"href":"https:\/\/iebsps.com\/igreja\/wp-json\/wp\/v2\/comments?post=7219"}],"version-history":[{"count":33,"href":"https:\/\/iebsps.com\/igreja\/wp-json\/wp\/v2\/pages\/7219\/revisions"}],"predecessor-version":[{"id":7929,"href":"https:\/\/iebsps.com\/igreja\/wp-json\/wp\/v2\/pages\/7219\/revisions\/7929"}],"wp:attachment":[{"href":"https:\/\/iebsps.com\/igreja\/wp-json\/wp\/v2\/media?parent=7219"}],"curies":[{"name":"wp","href":"https:\/\/api.w.org\/{rel}","templated":true}]}}